{"id":107,"date":"2024-02-03T12:42:22","date_gmt":"2024-02-03T12:42:22","guid":{"rendered":"https:\/\/fatimavicentesilva.art\/?page_id=107"},"modified":"2024-02-03T16:11:26","modified_gmt":"2024-02-03T16:11:26","slug":"contacto","status":"publish","type":"page","link":"https:\/\/fatimavicentesilva.art\/en\/contacto\/","title":{"rendered":"Contact"},"content":{"rendered":"<div data-elementor-type=\"wp-page\" data-elementor-id=\"107\" class=\"elementor elementor-107\">\n\t\t\t\t<div class=\"elementor-element elementor-element-035d5dd e-flex e-con-boxed wpr-particle-no wpr-jarallax-no wpr-parallax-no wpr-sticky-section-no e-con e-parent\" data-id=\"035d5dd\" data-element_type=\"container\" data-settings=\"{&quot;background_background&quot;:&quot;classic&quot;}\">\n\t\t\t\t\t<div class=\"e-con-inner\">\n\t\t<div class=\"elementor-element elementor-element-4540d39 e-flex e-con-boxed wpr-particle-no wpr-jarallax-no wpr-parallax-no wpr-sticky-section-no e-con e-child\" data-id=\"4540d39\" data-element_type=\"container\">\n\t\t\t\t\t<div class=\"e-con-inner\">\n\t\t\t\t<div class=\"elementor-element elementor-element-a293ec2 elementor-widget elementor-widget-wpforms\" data-id=\"a293ec2\" data-element_type=\"widget\" data-widget_type=\"wpforms.default\">\n\t\t\t\t<div class=\"elementor-widget-container\">\n\t\t\t\t\t<div class=\"wpforms-container wpforms-container-full wpforms-render-modern\" id=\"wpforms-230\"><form id=\"wpforms-form-230\" class=\"wpforms-validate wpforms-form wpforms-ajax-form\" data-formid=\"230\" method=\"post\" enctype=\"multipart\/form-data\" action=\"\/en\/wp-json\/wp\/v2\/pages\/107\" data-token=\"cd6f523c9f321857864db4f1e824ef94\" data-token-time=\"1777646028\" data-trp-original-action=\"\/en\/wp-json\/wp\/v2\/pages\/107\"><noscript class=\"wpforms-error-noscript\">Please enable JavaScript in your browser to complete this form.<\/noscript><div id=\"wpforms-error-noscript\" style=\"display: none;\">Please enable JavaScript in your browser to complete this form.<\/div><div class=\"wpforms-field-container\"><div id=\"wpforms-230-field_0-container\" class=\"wpforms-field wpforms-field-name\" data-field-id=\"0\"><label class=\"wpforms-field-label\" for=\"wpforms-230-field_0\">Nome\/ Name <span class=\"wpforms-required-label\" aria-hidden=\"true\">*<\/span><\/label><input type=\"text\" id=\"wpforms-230-field_0\" class=\"wpforms-field-medium wpforms-field-required\" name=\"wpforms[fields][0]\" aria-errormessage=\"wpforms-230-field_0-error\" required><\/div><div id=\"wpforms-230-field_1-container\" class=\"wpforms-field wpforms-field-email\" data-field-id=\"1\"><label class=\"wpforms-field-label\" for=\"wpforms-230-field_1\">Email <span class=\"wpforms-required-label\" aria-hidden=\"true\">*<\/span><\/label><input type=\"email\" id=\"wpforms-230-field_1\" class=\"wpforms-field-medium wpforms-field-required\" name=\"wpforms[fields][1]\" spellcheck=\"false\" aria-errormessage=\"wpforms-230-field_1-error\" required><\/div><div id=\"wpforms-230-field_3-container\" class=\"wpforms-field wpforms-field-select wpforms-field-select-style-classic\" data-field-id=\"3\"><label class=\"wpforms-field-label\" for=\"wpforms-230-field_3\">Escolha a obra\/ Choose the work<\/label><select id=\"wpforms-230-field_3\" class=\"wpforms-field-medium\" name=\"wpforms[fields][3]\"><option value=\"-\"  class=\"choice-26 depth-1\"  >-<\/option><option value=\"Na\u00efvet\u00e9\"  class=\"choice-46 depth-1\"  >Na\u00efvet\u00e9<\/option><option value=\"A fuga dos p\u00e1ssaros\"  class=\"choice-43 depth-1\"  >A fuga dos p\u00e1ssaros<\/option><option value=\"Intermit\u00eancias\"  class=\"choice-42 depth-1\"  >Intermit\u00eancias<\/option><option value=\"O Ser e a Realidade\"  class=\"choice-13 depth-1\"  >O Ser e a Realidade<\/option><option value=\"Vidas suspensas\"  class=\"choice-12 depth-1\"  >Vidas suspensas<\/option><option value=\"Crateras a dois tons\"  class=\"choice-10 depth-1\"  >Crateras a dois tons<\/option><option value=\"Mem\u00f3rias\"  class=\"choice-9 depth-1\"  >Mem\u00f3rias<\/option><option value=\"Olhar o Caos\"  class=\"choice-8 depth-1\"  >Olhar o Caos<\/option><option value=\"Ilhas\"  class=\"choice-6 depth-1\"  >Ilhas<\/option><option value=\"Liberdades\"  class=\"choice-4 depth-1\"  >Liberdades<\/option><option value=\"Simbiose\"  class=\"choice-18 depth-1\"  >Simbiose<\/option><option value=\"Escolhas\"  class=\"choice-16 depth-1\"  >Escolhas<\/option><option value=\"Desafina\u00e7\u00e3o\"  class=\"choice-20 depth-1\"  >Desafina\u00e7\u00e3o<\/option><option value=\"Littleness\"  class=\"choice-24 depth-1\"  >Littleness<\/option><option value=\"Tempo\"  class=\"choice-28 depth-1\"  >Tempo<\/option><option value=\"Respirar\"  class=\"choice-27 depth-1\"  >Respirar<\/option><option value=\"Lost\"  class=\"choice-31 depth-1\"  >Lost<\/option><option value=\"Brain Size\"  class=\"choice-30 depth-1\"  >Brain Size<\/option><option value=\"S\/t\u00edtulo\"  class=\"choice-33 depth-1\"  >S\/t\u00edtulo<\/option><option value=\"Abril\"  class=\"choice-32 depth-1\"  >Abril<\/option><option value=\"Eco\"  class=\"choice-35 depth-1\"  >Eco<\/option><option value=\"The day after\"  class=\"choice-34 depth-1\"  >The day after<\/option><option value=\"Intervalo\"  class=\"choice-38 depth-1\"  >Intervalo<\/option><\/select><\/div><div id=\"wpforms-230-field_4-container\" class=\"wpforms-field wpforms-field-select wpforms-field-select-style-classic\" data-field-id=\"4\"><label class=\"wpforms-field-label\" for=\"wpforms-230-field_4\">Escolha a Fotografia\/ Choose the photograph<\/label><select id=\"wpforms-230-field_4\" class=\"wpforms-field-medium\" name=\"wpforms[fields][4]\"><option value=\"-\"  class=\"choice-4 depth-1\"  >-<\/option><option value=\"A kind of peace\"  class=\"choice-1 depth-1\"  >A kind of peace<\/option><option value=\"Anonymous travelers\"  class=\"choice-11 depth-1\"  >Anonymous travelers<\/option><option value=\"At the train station\"  class=\"choice-10 depth-1\"  >At the train station<\/option><option value=\"Azores\"  class=\"choice-9 depth-1\"  >Azores<\/option><option value=\"Azores \u2013 Furnas\"  class=\"choice-8 depth-1\"  >Azores \u2013 Furnas<\/option><option value=\"Azores \u2013 mountains\"  class=\"choice-7 depth-1\"  >Azores \u2013 mountains<\/option><option value=\"Closed\"  class=\"choice-6 depth-1\"  >Closed<\/option><option value=\"Contrastes\"  class=\"choice-5 depth-1\"  >Contrastes<\/option><option value=\"Curious cat\"  class=\"choice-2 depth-1\"  >Curious cat<\/option><option value=\"Cycling\"  class=\"choice-3 depth-1\"  >Cycling<\/option><option value=\"D\u00e9licatesse\"  class=\"choice-12 depth-1\"  >D\u00e9licatesse<\/option><option value=\"Despertar\"  class=\"choice-13 depth-1\"  >Despertar<\/option><option value=\"Despertares\"  class=\"choice-14 depth-1\"  >Despertares<\/option><option value=\"Distance\"  class=\"choice-21 depth-1\"  >Distance<\/option><option value=\"Douro river\"  class=\"choice-20 depth-1\"  >Douro river<\/option><option value=\"Faith\"  class=\"choice-19 depth-1\"  >Faith<\/option><option value=\"Fishing\"  class=\"choice-18 depth-1\"  >Fishing<\/option><option value=\"Fishing time\"  class=\"choice-17 depth-1\"  >Fishing time<\/option><option value=\"Flamingos at Tejo river\"  class=\"choice-16 depth-1\"  >Flamingos at Tejo river<\/option><option value=\"Foggy day\"  class=\"choice-15 depth-1\"  >Foggy day<\/option><option value=\"Freedom\"  class=\"choice-35 depth-1\"  >Freedom<\/option><option value=\"Full moon\"  class=\"choice-34 depth-1\"  >Full moon<\/option><option value=\"Hard life\"  class=\"choice-33 depth-1\"  >Hard life<\/option><option value=\"Hi-Fi\"  class=\"choice-32 depth-1\"  >Hi-Fi<\/option><option value=\"In the nackedness of the wind\"  class=\"choice-31 depth-1\"  >In the nackedness of the wind<\/option><option value=\"Inside the tunnel\"  class=\"choice-30 depth-1\"  >Inside the tunnel<\/option><option value=\"It\u00b4s raining again I\"  class=\"choice-29 depth-1\"  >It\u00b4s raining again I<\/option><option value=\"It\u00b4s raining again II\"  class=\"choice-28 depth-1\"  >It\u00b4s raining again II<\/option><option value=\"Light at the end\"  class=\"choice-27 depth-1\"  >Light at the end<\/option><option value=\"Light bird\"  class=\"choice-26 depth-1\"  >Light bird<\/option><option value=\"Loneliness\"  class=\"choice-25 depth-1\"  >Loneliness<\/option><option value=\"Lonely man and a cigarette\"  class=\"choice-24 depth-1\"  >Lonely man and a cigarette<\/option><option value=\"Looking for visconti\"  class=\"choice-23 depth-1\"  >Looking for visconti<\/option><option value=\"Magic places\"  class=\"choice-22 depth-1\"  >Magic places<\/option><option value=\"Magic Window\"  class=\"choice-39 depth-1\"  >Magic Window<\/option><option value=\"Make a wish\"  class=\"choice-38 depth-1\"  >Make a wish<\/option><option value=\"Meditation\"  class=\"choice-37 depth-1\"  >Meditation<\/option><option value=\"Minimal tree\"  class=\"choice-40 depth-1\"  >Minimal tree<\/option><option value=\"Pieces of life\"  class=\"choice-36 depth-1\"  >Pieces of life<\/option><option value=\"Promenade\"  class=\"choice-41 depth-1\"  >Promenade<\/option><option value=\"Reflections\"  class=\"choice-56 depth-1\"  >Reflections<\/option><option value=\"Resistance\"  class=\"choice-55 depth-1\"  >Resistance<\/option><option value=\"Sea time\"  class=\"choice-54 depth-1\"  >Sea time<\/option><option value=\"Seduction\"  class=\"choice-53 depth-1\"  >Seduction<\/option><option value=\"Sensuality\"  class=\"choice-52 depth-1\"  >Sensuality<\/option><option value=\"Silence\"  class=\"choice-51 depth-1\"  >Silence<\/option><option value=\"Sintra\"  class=\"choice-50 depth-1\"  >Sintra<\/option><option value=\"Soon in the morning\"  class=\"choice-49 depth-1\"  >Soon in the morning<\/option><option value=\"Soon in the morning II\"  class=\"choice-48 depth-1\"  >Soon in the morning II<\/option><option value=\"Sunday morning\"  class=\"choice-47 depth-1\"  >Sunday morning<\/option><option value=\"The colors of the rain\"  class=\"choice-46 depth-1\"  >The colors of the rain<\/option><option value=\"The day is coming\"  class=\"choice-45 depth-1\"  >The day is coming<\/option><option value=\"The photographer\"  class=\"choice-44 depth-1\"  >The photographer<\/option><option value=\"The wind\"  class=\"choice-43 depth-1\"  >The wind<\/option><option value=\"Waiting\"  class=\"choice-42 depth-1\"  >Waiting<\/option><option value=\"Walking alone\"  class=\"choice-61 depth-1\"  >Walking alone<\/option><option value=\"Walking around\"  class=\"choice-60 depth-1\"  >Walking around<\/option><option value=\"We are so small\"  class=\"choice-59 depth-1\"  >We are so small<\/option><option value=\"White silence\"  class=\"choice-58 depth-1\"  >White silence<\/option><option value=\"White silence\"  class=\"choice-57 depth-1\"  >White silence<\/option><option value=\"Winter at Lisbon\"  class=\"choice-62 depth-1\"  >Winter at Lisbon<\/option><\/select><\/div><div id=\"wpforms-230-field_2-container\" class=\"wpforms-field wpforms-field-textarea\" data-field-id=\"2\"><label class=\"wpforms-field-label\" for=\"wpforms-230-field_2\">Mensagem\/ Message<\/label><textarea id=\"wpforms-230-field_2\" class=\"wpforms-field-medium\" name=\"wpforms[fields][2]\" aria-errormessage=\"wpforms-230-field_2-error\" ><\/textarea><\/div><\/div><!-- .wpforms-field-container --><div class=\"wpforms-recaptcha-container wpforms-is-recaptcha wpforms-is-recaptcha-type-v3\" ><input type=\"hidden\" name=\"wpforms[recaptcha]\" value=\"\"><\/div><div class=\"wpforms-submit-container\" ><input type=\"hidden\" name=\"wpforms[id]\" value=\"230\"><input type=\"hidden\" name=\"page_title\" value=\"\"><input type=\"hidden\" name=\"page_url\" value=\"https:\/\/fatimavicentesilva.art\/en\/wp-json\/wp\/v2\/pages\/107\"><input type=\"hidden\" name=\"url_referer\" value=\"\"><button type=\"submit\" name=\"wpforms[submit]\" id=\"wpforms-submit-230\" class=\"wpforms-submit\" data-alt-text=\"Sending...\" data-submit-text=\"Submeter\" aria-live=\"assertive\" value=\"wpforms-submit\">submit<\/button><img decoding=\"async\" src=\"https:\/\/fatimavicentesilva.art\/wp-content\/plugins\/wpforms-lite\/assets\/images\/submit-spin.svg\" class=\"wpforms-submit-spinner\" style=\"display: none;\" width=\"26\" height=\"26\" alt=\"Loading\"><\/div><input type=\"hidden\" name=\"trp-form-language\" value=\"en\"\/><\/form><\/div>  <!-- .wpforms-container -->\t\t\t\t<\/div>\n\t\t\t\t<\/div>\n\t\t\t\t\t<\/div>\n\t\t\t\t<\/div>\n\t\t\t\t\t<\/div>\n\t\t\t\t<\/div>\n\t\t\t\t<\/div>","protected":false},"excerpt":{"rendered":"<p>Please enable JavaScript in your browser to complete this form.Please enable JavaScript in your browser to complete this form. Name * FirstLast Email *DropdownFugaSalto para a liberdadeAtra\u00e7\u00e3oO Ser e a RealidadeVidas suspensasBrancura parda do sil\u00eancioCrateras a dois tonsMem\u00f3riasOlhar o CaosCaminhosIlhasMist\u00e9rioLiberdadesA esperaSimbioseVentaniaEscolhasRetratoLonelinessDesafina\u00e7\u00e3oSil\u00eancioComment or Message Submit<\/p>","protected":false},"author":2,"featured_media":0,"parent":0,"menu_order":0,"comment_status":"closed","ping_status":"closed","template":"elementor_header_footer","meta":{"_monsterinsights_skip_tracking":false,"_monsterinsights_sitenote_active":false,"_monsterinsights_sitenote_note":"","_monsterinsights_sitenote_category":0,"footnotes":""},"class_list":["post-107","page","type-page","status-publish","hentry"],"_links":{"self":[{"href":"https:\/\/fatimavicentesilva.art\/en\/wp-json\/wp\/v2\/pages\/107","targetHints":{"allow":["GET"]}}],"collection":[{"href":"https:\/\/fatimavicentesilva.art\/en\/wp-json\/wp\/v2\/pages"}],"about":[{"href":"https:\/\/fatimavicentesilva.art\/en\/wp-json\/wp\/v2\/types\/page"}],"author":[{"embeddable":true,"href":"https:\/\/fatimavicentesilva.art\/en\/wp-json\/wp\/v2\/users\/2"}],"replies":[{"embeddable":true,"href":"https:\/\/fatimavicentesilva.art\/en\/wp-json\/wp\/v2\/comments?post=107"}],"version-history":[{"count":19,"href":"https:\/\/fatimavicentesilva.art\/en\/wp-json\/wp\/v2\/pages\/107\/revisions"}],"predecessor-version":[{"id":238,"href":"https:\/\/fatimavicentesilva.art\/en\/wp-json\/wp\/v2\/pages\/107\/revisions\/238"}],"wp:attachment":[{"href":"https:\/\/fatimavicentesilva.art\/en\/wp-json\/wp\/v2\/media?parent=107"}],"curies":[{"name":"wp","href":"https:\/\/api.w.org\/{rel}","templated":true}]}}